{"id":139,"date":"2021-01-15T12:01:44","date_gmt":"2021-01-15T15:01:44","guid":{"rendered":"https:\/\/www.formatocompensados.com.br\/?page_id=139"},"modified":"2022-06-29T14:46:15","modified_gmt":"2022-06-29T17:46:15","slug":"responsabilidade-ambiental","status":"publish","type":"page","link":"https:\/\/www.formatocompensados.com.br\/index.php\/responsabilidade-ambiental\/","title":{"rendered":"Responsabilidade Ambiental"},"content":{"rendered":"\t\t<div data-elementor-type=\"wp-page\" data-elementor-id=\"139\" class=\"elementor elementor-139\" data-elementor-settings=\"[]\">\n\t\t\t\t\t\t\t<div class=\"elementor-section-wrap\">\n\t\t\t\t\t\t\t<section class=\"elementor-section elementor-top-section elementor-element elementor-element-459dd2e elementor-section-stretched elementor-section-boxed elementor-section-height-default elementor-section-height-default\" data-id=\"459dd2e\" data-element_type=\"section\" data-settings=\"{&quot;background_background&quot;:&quot;slideshow&quot;,&quot;stretch_section&quot;:&quot;section-stretched&quot;,&quot;background_slideshow_gallery&quot;:[],&quot;background_slideshow_loop&quot;:&quot;yes&quot;,&quot;background_slideshow_slide_duration&quot;:5000,&quot;background_slideshow_slide_transition&quot;:&quot;fade&quot;,&quot;background_slideshow_transition_duration&quot;:500}\">\n\t\t\t\t\t\t<div class=\"elementor-container elementor-column-gap-default\">\n\t\t\t\t\t<div class=\"elementor-column elementor-col-100 elementor-top-column elementor-element elementor-element-0231fd0\" data-id=\"0231fd0\" data-element_type=\"column\">\n\t\t\t<div class=\"elementor-widget-wrap elementor-element-populated\">\n\t\t\t\t\t\t\t\t<div class=\"elementor-element elementor-element-1a3406b elementor-widget elementor-widget-text-editor\" data-id=\"1a3406b\" data-element_type=\"widget\" data-widget_type=\"text-editor.default\">\n\t\t\t\t<div class=\"elementor-widget-container\">\n\t\t\t\t\t\t\t<p>\u00a0 \u00a0 \u00a0 \u00a0 \u00a0 Para a Formato Compensados, crescimento e inova\u00e7\u00e3o s\u00f3 podem ser valorizados se estivermos trabalhando de forma sustent\u00e1vel com o meio-ambiente.<\/p><p>\u00a0 \u00a0 \u00a0 \u00a0 \u00a0 Assim, toda a madeira utilizada em nossa produ\u00e7\u00e3o \u00e9 proveniente exclusivamente de reflorestamentos localizados na nossa regi\u00e3o, o que al\u00e9m de garantir um manejo sustent\u00e1vel fortalece o desenvolvimento da economia local.<\/p><p>\u00a0 \u00a0 \u00a0 \u00a0 \u00a0 \u00a0Al\u00e9m disso, realizamos diversas a\u00e7\u00f5es para minimizar os impactos ambientais em nosso processo produtivo:<\/p>\t\t\t\t\t\t<\/div>\n\t\t\t\t<\/div>\n\t\t\t\t\t<\/div>\n\t\t<\/div>\n\t\t\t\t\t\t\t<\/div>\n\t\t<\/section>\n\t\t\t\t<section class=\"elementor-section elementor-top-section elementor-element elementor-element-2ad5bd5 elementor-section-stretched elementor-section-boxed elementor-section-height-default elementor-section-height-default\" data-id=\"2ad5bd5\" data-element_type=\"section\" data-settings=\"{&quot;stretch_section&quot;:&quot;section-stretched&quot;,&quot;background_background&quot;:&quot;slideshow&quot;,&quot;background_slideshow_gallery&quot;:[],&quot;background_slideshow_loop&quot;:&quot;yes&quot;,&quot;background_slideshow_slide_duration&quot;:5000,&quot;background_slideshow_slide_transition&quot;:&quot;fade&quot;,&quot;background_slideshow_transition_duration&quot;:500}\">\n\t\t\t\t\t\t<div class=\"elementor-container elementor-column-gap-default\">\n\t\t\t\t\t<div class=\"elementor-column elementor-col-16 elementor-top-column elementor-element elementor-element-abcee80\" data-id=\"abcee80\" data-element_type=\"column\">\n\t\t\t<div class=\"elementor-widget-wrap elementor-element-populated\">\n\t\t\t\t\t\t\t\t<div class=\"elementor-element elementor-element-dc8e338 elementor-position-top elementor-vertical-align-top elementor-widget elementor-widget-image-box\" data-id=\"dc8e338\" data-element_type=\"widget\" data-widget_type=\"image-box.default\">\n\t\t\t\t<div class=\"elementor-widget-container\">\n\t\t\t<div class=\"elementor-image-box-wrapper\"><figure class=\"elementor-image-box-img\"><img src=\"https:\/\/www.formatocompensados.com.br\/wp-content\/uploads\/2022\/04\/residuos-solidos-e1651085510654.png\" title=\"residuos solidos\" alt=\"residuos solidos\" class=\"elementor-animation-float\" \/><\/figure><div class=\"elementor-image-box-content\"><p class=\"elementor-image-box-description\">Destina\u00e7\u00e3o correta de res\u00edduos s\u00f3lidos<\/p><\/div><\/div>\t\t<\/div>\n\t\t\t\t<\/div>\n\t\t\t\t\t<\/div>\n\t\t<\/div>\n\t\t\t\t<div class=\"elementor-column elementor-col-16 elementor-top-column elementor-element elementor-element-8c092a3\" data-id=\"8c092a3\" data-element_type=\"column\">\n\t\t\t<div class=\"elementor-widget-wrap elementor-element-populated\">\n\t\t\t\t\t\t\t\t<div class=\"elementor-element elementor-element-2e6b387 elementor-position-top elementor-vertical-align-top elementor-widget elementor-widget-image-box\" data-id=\"2e6b387\" data-element_type=\"widget\" data-widget_type=\"image-box.default\">\n\t\t\t\t<div class=\"elementor-widget-container\">\n\t\t\t<div class=\"elementor-image-box-wrapper\"><figure class=\"elementor-image-box-img\"><img src=\"https:\/\/www.formatocompensados.com.br\/wp-content\/uploads\/2022\/04\/simbolo-de-reciclagem-1024x1000-1.png\" title=\"simbolo-de-reciclagem-1024&#215;1000\" alt=\"simbolo-de-reciclagem-1024x1000\" class=\"elementor-animation-float\" \/><\/figure><div class=\"elementor-image-box-content\"><p class=\"elementor-image-box-description\">Destina\u00e7\u00e3o correta de tambores e embalagens - reciclagem<\/p><\/div><\/div>\t\t<\/div>\n\t\t\t\t<\/div>\n\t\t\t\t\t<\/div>\n\t\t<\/div>\n\t\t\t\t<div class=\"elementor-column elementor-col-16 elementor-top-column elementor-element elementor-element-d68e77d\" data-id=\"d68e77d\" data-element_type=\"column\">\n\t\t\t<div class=\"elementor-widget-wrap elementor-element-populated\">\n\t\t\t\t\t\t\t\t<div class=\"elementor-element elementor-element-ac73ead elementor-position-top elementor-vertical-align-top elementor-widget elementor-widget-image-box\" data-id=\"ac73ead\" data-element_type=\"widget\" data-widget_type=\"image-box.default\">\n\t\t\t\t<div class=\"elementor-widget-container\">\n\t\t\t<div class=\"elementor-image-box-wrapper\"><figure class=\"elementor-image-box-img\"><img src=\"https:\/\/www.formatocompensados.com.br\/wp-content\/uploads\/2022\/04\/capa-as-vantagens-do-sistema-de-captacao-de-agua-de-chuva-em-empresas-e-residencias.png\" title=\"capa-as-vantagens-do-sistema-de-captacao-de-agua-de-chuva-em-empresas-e-residencias\" alt=\"capa-as-vantagens-do-sistema-de-captacao-de-agua-de-chuva-em-empresas-e-residencias\" class=\"elementor-animation-float\" \/><\/figure><div class=\"elementor-image-box-content\"><p class=\"elementor-image-box-description\">Reaproveitamento da \u00e1gua da chuva para sistema de combate a inc\u00eandio<\/p><\/div><\/div>\t\t<\/div>\n\t\t\t\t<\/div>\n\t\t\t\t\t<\/div>\n\t\t<\/div>\n\t\t\t\t<div class=\"elementor-column elementor-col-16 elementor-top-column elementor-element elementor-element-e21e4bd\" data-id=\"e21e4bd\" data-element_type=\"column\">\n\t\t\t<div class=\"elementor-widget-wrap elementor-element-populated\">\n\t\t\t\t\t\t\t\t<div class=\"elementor-element elementor-element-cac7d18 elementor-position-top elementor-vertical-align-top elementor-widget elementor-widget-image-box\" data-id=\"cac7d18\" data-element_type=\"widget\" data-widget_type=\"image-box.default\">\n\t\t\t\t<div class=\"elementor-widget-container\">\n\t\t\t<div class=\"elementor-image-box-wrapper\"><figure class=\"elementor-image-box-img\"><img src=\"https:\/\/www.formatocompensados.com.br\/wp-content\/uploads\/2022\/04\/kisspng-waste-management-computer-recycling-municipal-soli-5c029ffcb62ed2.2420976715436759007462-e1651085707517.png\" title=\"kisspng-waste-management-computer-recycling-municipal-soli-5c029ffcb62ed2.2420976715436759007462\" alt=\"kisspng-waste-management-computer-recycling-municipal-soli-5c029ffcb62ed2.2420976715436759007462\" class=\"elementor-animation-float\" \/><\/figure><div class=\"elementor-image-box-content\"><p class=\"elementor-image-box-description\">Consumo de energia renov\u00e1vel<\/p><\/div><\/div>\t\t<\/div>\n\t\t\t\t<\/div>\n\t\t\t\t\t<\/div>\n\t\t<\/div>\n\t\t\t\t<div class=\"elementor-column elementor-col-16 elementor-top-column elementor-element elementor-element-7dce72c\" data-id=\"7dce72c\" data-element_type=\"column\">\n\t\t\t<div class=\"elementor-widget-wrap elementor-element-populated\">\n\t\t\t\t\t\t\t\t<div class=\"elementor-element elementor-element-a2b864d elementor-position-top elementor-vertical-align-top elementor-widget elementor-widget-image-box\" data-id=\"a2b864d\" data-element_type=\"widget\" data-widget_type=\"image-box.default\">\n\t\t\t\t<div class=\"elementor-widget-container\">\n\t\t\t<div class=\"elementor-image-box-wrapper\"><figure class=\"elementor-image-box-img\"><img src=\"https:\/\/www.formatocompensados.com.br\/wp-content\/uploads\/2022\/04\/empilhadeira-222-e1651086024604.png\" title=\"empilhadeira 222\" alt=\"empilhadeira 222\" class=\"elementor-animation-float\" \/><\/figure><div class=\"elementor-image-box-content\"><p class=\"elementor-image-box-description\">Reutiliza\u00e7\u00e3o da \u00e1gua utilizada para lavar as m\u00e1quinas \u2013 ciclo fechado<\/p><\/div><\/div>\t\t<\/div>\n\t\t\t\t<\/div>\n\t\t\t\t\t<\/div>\n\t\t<\/div>\n\t\t\t\t<div class=\"elementor-column elementor-col-16 elementor-top-column elementor-element elementor-element-8162718\" data-id=\"8162718\" data-element_type=\"column\">\n\t\t\t<div class=\"elementor-widget-wrap elementor-element-populated\">\n\t\t\t\t\t\t\t\t<div class=\"elementor-element elementor-element-e395e50 elementor-position-top elementor-vertical-align-top elementor-widget elementor-widget-image-box\" data-id=\"e395e50\" data-element_type=\"widget\" data-widget_type=\"image-box.default\">\n\t\t\t\t<div class=\"elementor-widget-container\">\n\t\t\t<div class=\"elementor-image-box-wrapper\"><figure class=\"elementor-image-box-img\"><img src=\"https:\/\/www.formatocompensados.com.br\/wp-content\/uploads\/2022\/04\/00e38101233e65779f873d38bcd4e476-e1651144184819.png\" title=\"00e38101233e65779f873d38bcd4e476\" alt=\"00e38101233e65779f873d38bcd4e476\" class=\"elementor-animation-float\" \/><\/figure><div class=\"elementor-image-box-content\"><p class=\"elementor-image-box-description\">As \u00e1rvores s\u00e3o aproveitadas em sua totalidade onde at\u00e9 mesmo a casca \u00e9 destinada a produ\u00e7\u00e3o de adubo org\u00e2nico.<\/p><\/div><\/div>\t\t<\/div>\n\t\t\t\t<\/div>\n\t\t\t\t\t<\/div>\n\t\t<\/div>\n\t\t\t\t\t\t\t<\/div>\n\t\t<\/section>\n\t\t\t\t<section class=\"elementor-section elementor-top-section elementor-element elementor-element-412adb7 elementor-section-full_width elementor-section-stretched elementor-section-height-default elementor-section-height-default\" data-id=\"412adb7\" data-element_type=\"section\" data-settings=\"{&quot;stretch_section&quot;:&quot;section-stretched&quot;,&quot;background_background&quot;:&quot;classic&quot;}\">\n\t\t\t\t\t\t<div class=\"elementor-container elementor-column-gap-default\">\n\t\t\t\t\t<div class=\"elementor-column elementor-col-100 elementor-top-column elementor-element elementor-element-c960d32\" data-id=\"c960d32\" data-element_type=\"column\">\n\t\t\t<div class=\"elementor-widget-wrap elementor-element-populated\">\n\t\t\t\t\t\t\t\t<div class=\"elementor-element elementor-element-d5b2eaf elementor-widget elementor-widget-image\" data-id=\"d5b2eaf\" data-element_type=\"widget\" data-widget_type=\"image.default\">\n\t\t\t\t<div class=\"elementor-widget-container\">\n\t\t\t\t\t\t\t\t\t\t\t\t\t\t\t<img width=\"3200\" height=\"304\" src=\"https:\/\/www.formatocompensados.com.br\/wp-content\/uploads\/2022\/04\/arvores-1-e1650483188916.png\" class=\"attachment-full size-full\" alt=\"\" loading=\"lazy\" srcset=\"https:\/\/www.formatocompensados.com.br\/wp-content\/uploads\/2022\/04\/arvores-1-e1650483188916.png 3200w, https:\/\/www.formatocompensados.com.br\/wp-content\/uploads\/2022\/04\/arvores-1-e1650483188916-300x29.png 300w, https:\/\/www.formatocompensados.com.br\/wp-content\/uploads\/2022\/04\/arvores-1-e1650483188916-1024x97.png 1024w, https:\/\/www.formatocompensados.com.br\/wp-content\/uploads\/2022\/04\/arvores-1-e1650483188916-768x73.png 768w, https:\/\/www.formatocompensados.com.br\/wp-content\/uploads\/2022\/04\/arvores-1-e1650483188916-1536x146.png 1536w, https:\/\/www.formatocompensados.com.br\/wp-content\/uploads\/2022\/04\/arvores-1-e1650483188916-2048x195.png 2048w, https:\/\/www.formatocompensados.com.br\/wp-content\/uploads\/2022\/04\/arvores-1-e1650483188916-260x25.png 260w, https:\/\/www.formatocompensados.com.br\/wp-content\/uploads\/2022\/04\/arvores-1-e1650483188916-50x5.png 50w, https:\/\/www.formatocompensados.com.br\/wp-content\/uploads\/2022\/04\/arvores-1-e1650483188916-150x14.png 150w, https:\/\/www.formatocompensados.com.br\/wp-content\/uploads\/2022\/04\/arvores-1-e1650483188916-600x57.png 600w\" sizes=\"(max-width: 3200px) 100vw, 3200px\" \/>\t\t\t\t\t\t\t\t\t\t\t\t\t\t\t<\/div>\n\t\t\t\t<\/div>\n\t\t\t\t\t<\/div>\n\t\t<\/div>\n\t\t\t\t\t\t\t<\/div>\n\t\t<\/section>\n\t\t\t\t<section class=\"elementor-section elementor-top-section elementor-element elementor-element-6f4bc4b4 elementor-section-stretched elementor-section-boxed elementor-section-height-default elementor-section-height-default\" data-id=\"6f4bc4b4\" data-element_type=\"section\" data-settings=\"{&quot;stretch_section&quot;:&quot;section-stretched&quot;,&quot;background_background&quot;:&quot;classic&quot;}\">\n\t\t\t\t\t\t<div class=\"elementor-container elementor-column-gap-default\">\n\t\t\t\t\t<div class=\"elementor-column elementor-col-33 elementor-top-column elementor-element elementor-element-372db7fb\" data-id=\"372db7fb\" data-element_type=\"column\">\n\t\t\t<div class=\"elementor-widget-wrap elementor-element-populated\">\n\t\t\t\t\t\t\t\t<div class=\"elementor-element elementor-element-4303b2ae elementor-widget elementor-widget-heading\" data-id=\"4303b2ae\" data-element_type=\"widget\" data-widget_type=\"heading.default\">\n\t\t\t\t<div class=\"elementor-widget-container\">\n\t\t\t<h2 class=\"elementor-heading-title elementor-size-default\">FALE CONOSCO<\/h2>\t\t<\/div>\n\t\t\t\t<\/div>\n\t\t\t\t<div class=\"elementor-element elementor-element-19039044 elementor-widget elementor-widget-text-editor\" data-id=\"19039044\" data-element_type=\"widget\" data-widget_type=\"text-editor.default\">\n\t\t\t\t<div class=\"elementor-widget-container\">\n\t\t\t\t\t\t\t<p>Rua Paulista, 266 &#8211; \u00c1rea Industrial<\/p><p><strong>Porto Uni\u00e3o, SC &#8211; Brasil, <\/strong>89400-000<\/p><p>(42) 3524-2410<\/p>\t\t\t\t\t\t<\/div>\n\t\t\t\t<\/div>\n\t\t\t\t\t<\/div>\n\t\t<\/div>\n\t\t\t\t<div class=\"elementor-column elementor-col-33 elementor-top-column elementor-element elementor-element-60eaee70\" data-id=\"60eaee70\" data-element_type=\"column\">\n\t\t\t<div class=\"elementor-widget-wrap elementor-element-populated\">\n\t\t\t\t\t\t\t\t<div class=\"elementor-element elementor-element-2a6011c8 elementor-widget elementor-widget-heading\" data-id=\"2a6011c8\" data-element_type=\"widget\" data-widget_type=\"heading.default\">\n\t\t\t\t<div class=\"elementor-widget-container\">\n\t\t\t<h2 class=\"elementor-heading-title elementor-size-default\">NAVEGUE PELO SITE<\/h2>\t\t<\/div>\n\t\t\t\t<\/div>\n\t\t\t\t<div class=\"elementor-element elementor-element-24ef1e85 elementor-widget elementor-widget-text-editor\" data-id=\"24ef1e85\" data-element_type=\"widget\" data-widget_type=\"text-editor.default\">\n\t\t\t\t<div class=\"elementor-widget-container\">\n\t\t\t\t\t\t\t<p><i class=\"icon-layout\" style=\"color: #0f84e7;\"><\/i> <span style=\"color: #ffffff;\"><a style=\"color: #ffffff;\" href=\"https:\/\/www.formatocompensados.com.br\/\">Home <\/a><\/span><\/p><p><span style=\"color: #ffffff;\"><i class=\"icon-layout\"><\/i> <a style=\"color: #ffffff;\" href=\"https:\/\/www.formatocompensados.com.br\/quem-somos\/\">Quem Somos <\/a><\/span><\/p><p><span style=\"color: #ffffff;\"><i class=\"icon-layout\"><\/i> <a style=\"color: #ffffff;\" href=\"https:\/\/www.formatocompensados.com.br\/processo-produtivo-plastificado\/\">Processo Produtivo &#8211; Plastificado<\/a><\/span><\/p><p><span style=\"color: #ffffff;\"><i class=\"icon-layout\"><\/i> <a style=\"color: #ffffff;\" href=\"https:\/\/www.formatocompensados.com.br\/processo-produtivo-para-exportacao\/\">Processo Produtivo &#8211; Exporta\u00e7\u00e3o<\/a><\/span><\/p><p><span style=\"color: #ffffff;\"><i class=\"icon-layout\"><\/i> <a style=\"color: #ffffff;\" href=\"https:\/\/www.formatocompensados.com.br\/contato\">Contato <\/a><\/span><\/p><p><span style=\"color: #ffffff;\"><i class=\"icon-layout\"><\/i> <a style=\"color: #ffffff;\" href=\"https:\/\/www.formatocompensados.com.br\/trabalhe-conosco\">Trabalhe Conosco<\/a><\/span><\/p>\t\t\t\t\t\t<\/div>\n\t\t\t\t<\/div>\n\t\t\t\t\t<\/div>\n\t\t<\/div>\n\t\t\t\t<div class=\"elementor-column elementor-col-33 elementor-top-column elementor-element elementor-element-7b20aa6f\" data-id=\"7b20aa6f\" data-element_type=\"column\">\n\t\t\t<div class=\"elementor-widget-wrap elementor-element-populated\">\n\t\t\t\t\t\t\t\t<div class=\"elementor-element elementor-element-4cdcc047 elementor-widget elementor-widget-heading\" data-id=\"4cdcc047\" data-element_type=\"widget\" data-widget_type=\"heading.default\">\n\t\t\t\t<div class=\"elementor-widget-container\">\n\t\t\t<h2 class=\"elementor-heading-title elementor-size-default\">FIQUE POR DENTRO<\/h2>\t\t<\/div>\n\t\t\t\t<\/div>\n\t\t\t\t<div class=\"elementor-element elementor-element-271b2367 elementor-widget elementor-widget-text-editor\" data-id=\"271b2367\" data-element_type=\"widget\" data-widget_type=\"text-editor.default\">\n\t\t\t\t<div class=\"elementor-widget-container\">\n\t\t\t\t\t\t\t<p><a href=\"https:\/\/www.facebook.com\/formatocompensados21\" target=\"_blank\" rel=\"noopener\"><img src=\"https:\/\/www.formatocompensados.com.br\/wp-content\/uploads\/2022\/04\/facebookkk-1.png\" \/>\u00a0\u00a0<\/a> <a href=\"https:\/\/www.instagram.com\/formatocompensados\/\" target=\"_blank\" rel=\"noopener\"><img src=\"https:\/\/www.formatocompensados.com.br\/wp-content\/uploads\/2022\/04\/INSTAGRAM-11-1.png\" \/> <\/a>\u00a0\u00a0<a href=\"https:\/\/api.whatsapp.com\/send?phone=554299620962\" target=\"_blank\" rel=\"noopener\"><img src=\"https:\/\/www.formatocompensados.com.br\/wp-content\/uploads\/2022\/04\/whaaeet-1.png\" \/>\u00a0 \u00a0 <\/a><a href=\"https:\/\/www.youtube.com\/channel\/UCX6XnmPlDtJ56KecHppDq4g\/videos\" target=\"_blank\" rel=\"noopener\"><img src=\"https:\/\/www.formatocompensados.com.br\/wp-content\/uploads\/2022\/05\/ytb.png\" \/><\/a><\/p>\t\t\t\t\t\t<\/div>\n\t\t\t\t<\/div>\n\t\t\t\t\t<\/div>\n\t\t<\/div>\n\t\t\t\t\t\t\t<\/div>\n\t\t<\/section>\n\t\t\t\t\t\t<\/div>\n\t\t\t\t\t<\/div>\n\t\t","protected":false},"excerpt":{"rendered":"<p>\u00a0 \u00a0 \u00a0 \u00a0 \u00a0 Para a Formato Compensados, crescimento e inova\u00e7\u00e3o s\u00f3 podem ser valorizados se estivermos trabalhando de forma sustent\u00e1vel com o meio-ambiente. \u00a0<span class=\"excerpt-hellip\"> [\u2026]<\/span><\/p>\n","protected":false},"author":1,"featured_media":0,"parent":0,"menu_order":0,"comment_status":"closed","ping_status":"closed","template":"","meta":[],"_links":{"self":[{"href":"https:\/\/www.formatocompensados.com.br\/index.php\/wp-json\/wp\/v2\/pages\/139"}],"collection":[{"href":"https:\/\/www.formatocompensados.com.br\/index.php\/wp-json\/wp\/v2\/pages"}],"about":[{"href":"https:\/\/www.formatocompensados.com.br\/index.php\/wp-json\/wp\/v2\/types\/page"}],"author":[{"embeddable":true,"href":"https:\/\/www.formatocompensados.com.br\/index.php\/wp-json\/wp\/v2\/users\/1"}],"replies":[{"embeddable":true,"href":"https:\/\/www.formatocompensados.com.br\/index.php\/wp-json\/wp\/v2\/comments?post=139"}],"version-history":[{"count":89,"href":"https:\/\/www.formatocompensados.com.br\/index.php\/wp-json\/wp\/v2\/pages\/139\/revisions"}],"predecessor-version":[{"id":4104,"href":"https:\/\/www.formatocompensados.com.br\/index.php\/wp-json\/wp\/v2\/pages\/139\/revisions\/4104"}],"wp:attachment":[{"href":"https:\/\/www.formatocompensados.com.br\/index.php\/wp-json\/wp\/v2\/media?parent=139"}],"curies":[{"name":"wp","href":"https:\/\/api.w.org\/{rel}","templated":true}]}}