{"id":75,"date":"2020-02-20T10:29:51","date_gmt":"2020-02-20T13:29:51","guid":{"rendered":"https:\/\/www.formatocompensados.com.br\/?page_id=75"},"modified":"2022-06-28T13:56:09","modified_gmt":"2022-06-28T16:56:09","slug":"quem-somos","status":"publish","type":"page","link":"https:\/\/www.formatocompensados.com.br\/index.php\/quem-somos\/","title":{"rendered":"QUEM SOMOS"},"content":{"rendered":"\t\t<div data-elementor-type=\"wp-page\" data-elementor-id=\"75\" class=\"elementor elementor-75\" data-elementor-settings=\"[]\">\n\t\t\t\t\t\t\t<div class=\"elementor-section-wrap\">\n\t\t\t\t\t\t\t<section class=\"elementor-section elementor-top-section elementor-element elementor-element-0723d6f elementor-section-full_width elementor-section-stretched elementor-section-height-default elementor-section-height-default\" data-id=\"0723d6f\" data-element_type=\"section\" data-settings=\"{&quot;stretch_section&quot;:&quot;section-stretched&quot;}\">\n\t\t\t\t\t\t<div class=\"elementor-container elementor-column-gap-default\">\n\t\t\t\t\t<div class=\"elementor-column elementor-col-33 elementor-top-column elementor-element elementor-element-5d4be19\" data-id=\"5d4be19\" data-element_type=\"column\">\n\t\t\t<div class=\"elementor-widget-wrap elementor-element-populated\">\n\t\t\t\t\t\t\t\t<div class=\"elementor-element elementor-element-0014346 elementor-cta--skin-classic elementor-animated-content elementor-bg-transform elementor-bg-transform-zoom-in elementor-widget elementor-widget-call-to-action\" data-id=\"0014346\" data-element_type=\"widget\" data-widget_type=\"call-to-action.default\">\n\t\t\t\t<div class=\"elementor-widget-container\">\n\t\t\t\t\t<div  class=\"elementor-cta\">\n\t\t\t\t\t<div class=\"elementor-cta__bg-wrapper\">\n\t\t\t\t<div class=\"elementor-cta__bg elementor-bg\" style=\"background-image: url(https:\/\/www.formatocompensados.com.br\/wp-content\/uploads\/2022\/04\/missao-1-e1651234694129.png);\"><\/div>\n\t\t\t\t<div class=\"elementor-cta__bg-overlay\"><\/div>\n\t\t\t<\/div>\n\t\t\t\t\t\t\t<div class=\"elementor-cta__content\">\n\t\t\t\t\n\t\t\t\t\t\t\t\t\t<h4 class=\"elementor-cta__title elementor-cta__content-item elementor-content-item\">\n\t\t\t\t\t\tmiss\u00e3o\t\t\t\t\t<\/h4>\n\t\t\t\t\n\t\t\t\t\n\t\t\t\t\t\t\t<\/div>\n\t\t\t\t\t\t<\/div>\n\t\t\t\t<\/div>\n\t\t\t\t<\/div>\n\t\t\t\t<div class=\"elementor-element elementor-element-e9bab6e elementor-widget elementor-widget-text-editor\" data-id=\"e9bab6e\" data-element_type=\"widget\" data-widget_type=\"text-editor.default\">\n\t\t\t\t<div class=\"elementor-widget-container\">\n\t\t\t\t\t\t\t<p style=\"text-align: center;\">A Formato \u00e9 a <strong>energia<\/strong> das pessoas que aqui trabalham e <strong>segue vencendo desafios<\/strong> para produzir o compensado consumido em todo mundo e que gera oportunidades e melhorias a nossa comunidade.<\/p>\t\t\t\t\t\t<\/div>\n\t\t\t\t<\/div>\n\t\t\t\t\t<\/div>\n\t\t<\/div>\n\t\t\t\t<div class=\"elementor-column elementor-col-33 elementor-top-column elementor-element elementor-element-7cdaad0\" data-id=\"7cdaad0\" data-element_type=\"column\">\n\t\t\t<div class=\"elementor-widget-wrap elementor-element-populated\">\n\t\t\t\t\t\t\t\t<div class=\"elementor-element elementor-element-330892b elementor-cta--skin-classic elementor-animated-content elementor-bg-transform elementor-bg-transform-zoom-in elementor-widget elementor-widget-call-to-action\" data-id=\"330892b\" data-element_type=\"widget\" data-widget_type=\"call-to-action.default\">\n\t\t\t\t<div class=\"elementor-widget-container\">\n\t\t\t\t\t<div  class=\"elementor-cta\">\n\t\t\t\t\t<div class=\"elementor-cta__bg-wrapper\">\n\t\t\t\t<div class=\"elementor-cta__bg elementor-bg\" style=\"background-image: url(https:\/\/www.formatocompensados.com.br\/wp-content\/uploads\/2022\/04\/visao-1-e1651234797526.png);\"><\/div>\n\t\t\t\t<div class=\"elementor-cta__bg-overlay\"><\/div>\n\t\t\t<\/div>\n\t\t\t\t\t\t\t<div class=\"elementor-cta__content\">\n\t\t\t\t\n\t\t\t\t\t\t\t\t\t<h4 class=\"elementor-cta__title elementor-cta__content-item elementor-content-item\">\n\t\t\t\t\t\tvis\u00e3o\t\t\t\t\t<\/h4>\n\t\t\t\t\n\t\t\t\t\n\t\t\t\t\t\t\t<\/div>\n\t\t\t\t\t\t<\/div>\n\t\t\t\t<\/div>\n\t\t\t\t<\/div>\n\t\t\t\t<div class=\"elementor-element elementor-element-983ed3a elementor-widget elementor-widget-text-editor\" data-id=\"983ed3a\" data-element_type=\"widget\" data-widget_type=\"text-editor.default\">\n\t\t\t\t<div class=\"elementor-widget-container\">\n\t\t\t\t\t\t\t<p style=\"text-align: center;\">Buscamos ser escolhidos pelos clientes e pessoas que queiram trabalhar conosco pelo nosso <strong>produto de qualidade,<\/strong> <strong>vis\u00e3o estrat\u00e9gica e inovadora<\/strong> e as <strong>rela\u00e7\u00f5es \u00e9ticas<\/strong> que constru\u00edmos.<\/p>\t\t\t\t\t\t<\/div>\n\t\t\t\t<\/div>\n\t\t\t\t\t<\/div>\n\t\t<\/div>\n\t\t\t\t<div class=\"elementor-column elementor-col-33 elementor-top-column elementor-element elementor-element-7e21e8e\" data-id=\"7e21e8e\" data-element_type=\"column\">\n\t\t\t<div class=\"elementor-widget-wrap elementor-element-populated\">\n\t\t\t\t\t\t\t\t<div class=\"elementor-element elementor-element-61ff345 elementor-cta--skin-classic elementor-animated-content elementor-bg-transform elementor-bg-transform-zoom-in elementor-widget elementor-widget-call-to-action\" data-id=\"61ff345\" data-element_type=\"widget\" data-widget_type=\"call-to-action.default\">\n\t\t\t\t<div class=\"elementor-widget-container\">\n\t\t\t\t\t<div  class=\"elementor-cta\">\n\t\t\t\t\t<div class=\"elementor-cta__bg-wrapper\">\n\t\t\t\t<div class=\"elementor-cta__bg elementor-bg\" style=\"background-image: url(https:\/\/www.formatocompensados.com.br\/wp-content\/uploads\/2022\/04\/LOOGOGOGOGO-e1651236000252.png);\"><\/div>\n\t\t\t\t<div class=\"elementor-cta__bg-overlay\"><\/div>\n\t\t\t<\/div>\n\t\t\t\t\t\t\t<div class=\"elementor-cta__content\">\n\t\t\t\t\n\t\t\t\t\t\t\t\t\t<h4 class=\"elementor-cta__title elementor-cta__content-item elementor-content-item\">\n\t\t\t\t\t\tVALORES\t\t\t\t\t<\/h4>\n\t\t\t\t\n\t\t\t\t\n\t\t\t\t\t\t\t<\/div>\n\t\t\t\t\t\t<\/div>\n\t\t\t\t<\/div>\n\t\t\t\t<\/div>\n\t\t\t\t<section class=\"elementor-section elementor-inner-section elementor-element elementor-element-4f14176 elementor-section-boxed elementor-section-height-default elementor-section-height-default\" data-id=\"4f14176\" data-element_type=\"section\">\n\t\t\t\t\t\t<div class=\"elementor-container elementor-column-gap-default\">\n\t\t\t\t\t<div class=\"elementor-column elementor-col-50 elementor-inner-column elementor-element elementor-element-b00ca89\" data-id=\"b00ca89\" data-element_type=\"column\">\n\t\t\t<div class=\"elementor-widget-wrap elementor-element-populated\">\n\t\t\t\t\t\t\t\t<div class=\"elementor-element elementor-element-a150ba7 elementor-widget elementor-widget-text-editor\" data-id=\"a150ba7\" data-element_type=\"widget\" data-widget_type=\"text-editor.default\">\n\t\t\t\t<div class=\"elementor-widget-container\">\n\t\t\t\t\t\t\t<p style=\"text-align: center;\">\u2022 Construir rela\u00e7\u00f5es de<strong> parceria<\/strong> com clientes e colaboradores;<\/p><p style=\"text-align: center;\">\u2022 Rela\u00e7\u00f5es<strong> honestas e respeitosas<\/strong>;<\/p><p style=\"text-align: center;\">\u2022 <strong>Coragem<\/strong> para crescer e <strong>iniciativa<\/strong> para agir;<\/p><p style=\"text-align: center;\">\u2022 Entendimento do <strong>porqu\u00ea<\/strong> de nossas a\u00e7\u00f5es;<\/p><p style=\"text-align: center;\">\u2022 Investimento na constante busca por <strong>melhorias<\/strong>;<\/p>\t\t\t\t\t\t<\/div>\n\t\t\t\t<\/div>\n\t\t\t\t\t<\/div>\n\t\t<\/div>\n\t\t\t\t<div class=\"elementor-column elementor-col-50 elementor-inner-column elementor-element elementor-element-2f996ba\" data-id=\"2f996ba\" data-element_type=\"column\">\n\t\t\t<div class=\"elementor-widget-wrap elementor-element-populated\">\n\t\t\t\t\t\t\t\t<div class=\"elementor-element elementor-element-dc0638a elementor-widget elementor-widget-text-editor\" data-id=\"dc0638a\" data-element_type=\"widget\" data-widget_type=\"text-editor.default\">\n\t\t\t\t<div class=\"elementor-widget-container\">\n\t\t\t\t\t\t\t<p style=\"text-align: center;\">\u2022 Aprendizado pelo <strong>conhecimento<\/strong>;<\/p><p style=\"text-align: center;\">\u2022 <strong>Qualidade com produtividade<\/strong>;<\/p><p style=\"text-align: center;\">\u2022 Reconhecimento pela <strong>energia<\/strong> em nosso trabalho;<\/p><p style=\"text-align: center;\">\u2022 Influenciar positivamente a <strong>sociedade<\/strong>;<\/p><p style=\"text-align: center;\">\u2022 Incentivo \u00e0s <strong>ideias<\/strong> e sua <strong>fundamenta\u00e7\u00e3o<\/strong> para colocar em pr\u00e1tica;<\/p>\t\t\t\t\t\t<\/div>\n\t\t\t\t<\/div>\n\t\t\t\t\t<\/div>\n\t\t<\/div>\n\t\t\t\t\t\t\t<\/div>\n\t\t<\/section>\n\t\t\t\t\t<\/div>\n\t\t<\/div>\n\t\t\t\t\t\t\t<\/div>\n\t\t<\/section>\n\t\t\t\t<section class=\"elementor-section elementor-top-section elementor-element elementor-element-676e5e7e elementor-section-stretched elementor-section-boxed elementor-section-height-default elementor-section-height-default\" data-id=\"676e5e7e\" data-element_type=\"section\" data-settings=\"{&quot;stretch_section&quot;:&quot;section-stretched&quot;,&quot;background_background&quot;:&quot;classic&quot;}\">\n\t\t\t\t\t\t<div class=\"elementor-container elementor-column-gap-default\">\n\t\t\t\t\t<div class=\"elementor-column elementor-col-33 elementor-top-column elementor-element elementor-element-71c3e44\" data-id=\"71c3e44\" data-element_type=\"column\">\n\t\t\t<div class=\"elementor-widget-wrap elementor-element-populated\">\n\t\t\t\t\t\t\t\t<div class=\"elementor-element elementor-element-61da4fa0 elementor-widget elementor-widget-heading\" data-id=\"61da4fa0\" data-element_type=\"widget\" data-widget_type=\"heading.default\">\n\t\t\t\t<div class=\"elementor-widget-container\">\n\t\t\t<h2 class=\"elementor-heading-title elementor-size-default\">FALE CONOSCO<\/h2>\t\t<\/div>\n\t\t\t\t<\/div>\n\t\t\t\t<div class=\"elementor-element elementor-element-47867244 elementor-widget elementor-widget-text-editor\" data-id=\"47867244\" data-element_type=\"widget\" data-widget_type=\"text-editor.default\">\n\t\t\t\t<div class=\"elementor-widget-container\">\n\t\t\t\t\t\t\t<p>Rua Paulista, 266 &#8211; \u00c1rea Industrial<\/p><p><strong>Porto Uni\u00e3o, SC &#8211; Brasil, <\/strong>89400-000<\/p><p>(42) 3524-2410<\/p>\t\t\t\t\t\t<\/div>\n\t\t\t\t<\/div>\n\t\t\t\t\t<\/div>\n\t\t<\/div>\n\t\t\t\t<div class=\"elementor-column elementor-col-33 elementor-top-column elementor-element elementor-element-7e4bd371\" data-id=\"7e4bd371\" data-element_type=\"column\">\n\t\t\t<div class=\"elementor-widget-wrap elementor-element-populated\">\n\t\t\t\t\t\t\t\t<div class=\"elementor-element elementor-element-72f1244a elementor-widget elementor-widget-heading\" data-id=\"72f1244a\" data-element_type=\"widget\" data-widget_type=\"heading.default\">\n\t\t\t\t<div class=\"elementor-widget-container\">\n\t\t\t<h2 class=\"elementor-heading-title elementor-size-default\">NAVEGUE PELO SITE<\/h2>\t\t<\/div>\n\t\t\t\t<\/div>\n\t\t\t\t<div class=\"elementor-element elementor-element-6ab34738 elementor-widget elementor-widget-text-editor\" data-id=\"6ab34738\" data-element_type=\"widget\" data-widget_type=\"text-editor.default\">\n\t\t\t\t<div class=\"elementor-widget-container\">\n\t\t\t\t\t\t\t<p><i class=\"icon-layout\" style=\"color: #0f84e7;\"><\/i> <span style=\"color: #ffffff;\"><a style=\"color: #ffffff;\" href=\"https:\/\/www.formatocompensados.com.br\/\">Home <\/a><\/span><\/p><p><span style=\"color: #ffffff;\"><i class=\"icon-layout\"><\/i> <a style=\"color: #ffffff;\" href=\"https:\/\/www.formatocompensados.com.br\/quem-somos\/\">Quem Somos <\/a><\/span><\/p><p><span style=\"color: #ffffff;\"><i class=\"icon-layout\"><\/i> <a style=\"color: #ffffff;\" href=\"https:\/\/www.formatocompensados.com.br\/processo-produtivo-plastificado\/\">Processo Produtivo &#8211; Plastificado<\/a><\/span><\/p><p><span style=\"color: #ffffff;\"><i class=\"icon-layout\"><\/i> <a style=\"color: #ffffff;\" href=\"https:\/\/www.formatocompensados.com.br\/processo-produtivo-para-exportacao\/\">Processo Produtivo &#8211; Exporta\u00e7\u00e3o<\/a><\/span><\/p><p><span style=\"color: #ffffff;\"><i class=\"icon-layout\"><\/i> <a style=\"color: #ffffff;\" href=\"https:\/\/www.formatocompensados.com.br\/contato\">Contato <\/a><\/span><\/p><p><span style=\"color: #ffffff;\"><i class=\"icon-layout\"><\/i> <a style=\"color: #ffffff;\" href=\"https:\/\/www.formatocompensados.com.br\/trabalhe-conosco\">Trabalhe Conosco<\/a><\/span><\/p>\t\t\t\t\t\t<\/div>\n\t\t\t\t<\/div>\n\t\t\t\t\t<\/div>\n\t\t<\/div>\n\t\t\t\t<div class=\"elementor-column elementor-col-33 elementor-top-column elementor-element elementor-element-2e1c28\" data-id=\"2e1c28\" data-element_type=\"column\">\n\t\t\t<div class=\"elementor-widget-wrap elementor-element-populated\">\n\t\t\t\t\t\t\t\t<div class=\"elementor-element elementor-element-4caf0690 elementor-widget elementor-widget-heading\" data-id=\"4caf0690\" data-element_type=\"widget\" data-widget_type=\"heading.default\">\n\t\t\t\t<div class=\"elementor-widget-container\">\n\t\t\t<h2 class=\"elementor-heading-title elementor-size-default\">FIQUE POR DENTRO<\/h2>\t\t<\/div>\n\t\t\t\t<\/div>\n\t\t\t\t<div class=\"elementor-element elementor-element-2844a21b elementor-widget elementor-widget-text-editor\" data-id=\"2844a21b\" data-element_type=\"widget\" data-widget_type=\"text-editor.default\">\n\t\t\t\t<div class=\"elementor-widget-container\">\n\t\t\t\t\t\t\t<p><a href=\"https:\/\/www.facebook.com\/formatocompensados21\" target=\"_blank\" rel=\"noopener\"><img src=\"https:\/\/www.formatocompensados.com.br\/wp-content\/uploads\/2022\/04\/facebookkk-1.png\" \/>\u00a0\u00a0<\/a> <a href=\"https:\/\/www.instagram.com\/formatocompensados\/\" target=\"_blank\" rel=\"noopener\"><img src=\"https:\/\/www.formatocompensados.com.br\/wp-content\/uploads\/2022\/04\/INSTAGRAM-11-1.png\" \/> <\/a>\u00a0\u00a0<a href=\"https:\/\/api.whatsapp.com\/send?phone=554299620962\" target=\"_blank\" rel=\"noopener\"><img src=\"https:\/\/www.formatocompensados.com.br\/wp-content\/uploads\/2022\/04\/whaaeet-1.png\" \/>\u00a0 \u00a0 <\/a><a href=\"https:\/\/www.youtube.com\/channel\/UCX6XnmPlDtJ56KecHppDq4g\/videos\" target=\"_blank\" rel=\"noopener\"><img src=\"https:\/\/www.formatocompensados.com.br\/wp-content\/uploads\/2022\/05\/ytb.png\" \/><\/a><\/p>\t\t\t\t\t\t<\/div>\n\t\t\t\t<\/div>\n\t\t\t\t\t<\/div>\n\t\t<\/div>\n\t\t\t\t\t\t\t<\/div>\n\t\t<\/section>\n\t\t\t\t\t\t<\/div>\n\t\t\t\t\t<\/div>\n\t\t","protected":false},"excerpt":{"rendered":"<p>miss\u00e3o A Formato \u00e9 a energia das pessoas que aqui trabalham e segue vencendo desafios para produzir o compensado consumido em todo mundo e que gera<span class=\"excerpt-hellip\"> [\u2026]<\/span><\/p>\n","protected":false},"author":1,"featured_media":95,"parent":0,"menu_order":0,"comment_status":"closed","ping_status":"closed","template":"","meta":[],"_links":{"self":[{"href":"https:\/\/www.formatocompensados.com.br\/index.php\/wp-json\/wp\/v2\/pages\/75"}],"collection":[{"href":"https:\/\/www.formatocompensados.com.br\/index.php\/wp-json\/wp\/v2\/pages"}],"about":[{"href":"https:\/\/www.formatocompensados.com.br\/index.php\/wp-json\/wp\/v2\/types\/page"}],"author":[{"embeddable":true,"href":"https:\/\/www.formatocompensados.com.br\/index.php\/wp-json\/wp\/v2\/users\/1"}],"replies":[{"embeddable":true,"href":"https:\/\/www.formatocompensados.com.br\/index.php\/wp-json\/wp\/v2\/comments?post=75"}],"version-history":[{"count":109,"href":"https:\/\/www.formatocompensados.com.br\/index.php\/wp-json\/wp\/v2\/pages\/75\/revisions"}],"predecessor-version":[{"id":4083,"href":"https:\/\/www.formatocompensados.com.br\/index.php\/wp-json\/wp\/v2\/pages\/75\/revisions\/4083"}],"wp:featuredmedia":[{"embeddable":true,"href":"https:\/\/www.formatocompensados.com.br\/index.php\/wp-json\/wp\/v2\/media\/95"}],"wp:attachment":[{"href":"https:\/\/www.formatocompensados.com.br\/index.php\/wp-json\/wp\/v2\/media?parent=75"}],"curies":[{"name":"wp","href":"https:\/\/api.w.org\/{rel}","templated":true}]}}